{"id":2036,"date":"2024-11-09T17:21:42","date_gmt":"2024-11-09T17:21:42","guid":{"rendered":"https:\/\/princesskid.com\/?page_id=2036"},"modified":"2024-11-09T17:21:42","modified_gmt":"2024-11-09T17:21:42","slug":"product-recall-information","status":"publish","type":"page","link":"https:\/\/princesskid.com\/pt\/informacoes-sobre-a-recolha-de-produtos\/","title":{"rendered":"Informa\u00e7\u00f5es sobre a recolha de produtos"},"content":{"rendered":"<h4 class=\"wp-block-heading\">Introdu\u00e7\u00e3o<\/h4><p>Na Softstep, a seguran\u00e7a e a satisfa\u00e7\u00e3o dos nossos clientes s\u00e3o da maior import\u00e2ncia. Na eventualidade improv\u00e1vel de uma recolha de produtos, esta p\u00e1gina fornecer-lhe-\u00e1 todas as informa\u00e7\u00f5es necess\u00e1rias sobre o processo, as raz\u00f5es e as ac\u00e7\u00f5es que deve tomar.<\/p><h4 class=\"wp-block-heading\">Raz\u00f5es para a recolha de produtos<\/h4><ol class=\"wp-block-list\"><li><strong>Preocupa\u00e7\u00f5es com a seguran\u00e7a<\/strong><br>Se identificarmos que um produto pode representar um risco para a seguran\u00e7a do utilizador, como potenciais problemas com os materiais utilizados (por exemplo, presen\u00e7a de subst\u00e2ncias nocivas), integridade estrutural (por exemplo, pe\u00e7as que podem partir-se durante a utiliza\u00e7\u00e3o normal e causar ferimentos) ou qualquer outro fator que possa p\u00f4r em perigo o bem-estar dos nossos clientes, daremos in\u00edcio a uma recolha.<\/li>\n\n<li><strong>N\u00e3o cumprimento das normas<\/strong><br>Nos casos em que os nossos produtos n\u00e3o cumpram as normas relevantes da ind\u00fastria ou os requisitos regulamentares, quer a n\u00edvel nacional quer nos mercados internacionais que servimos, ser\u00e1 efectuada uma recolha. Isto assegura que as nossas opera\u00e7\u00f5es comerciais cumprem os mais elevados padr\u00f5es de qualidade e legais.<\/li><\/ol><h4 class=\"wp-block-heading\">Processo de recolha<\/h4><ol class=\"wp-block-list\"><li><strong>Notifica\u00e7\u00e3o<\/strong><br>Assim que for tomada uma decis\u00e3o de recolha, notificaremos imediatamente os nossos clientes atrav\u00e9s de v\u00e1rios canais. Isto inclui o envio de mensagens de correio eletr\u00f3nico para os contactos comerciais registados associados \u00e0s encomendas afectadas, a publica\u00e7\u00e3o de an\u00fancios no nosso s\u00edtio Web oficial (<a href=\"https:\/\/princesskid.com\/pt\/\" target=\"_blank\" rel=\"noreferrer noopener\">https:\/\/princesskid.com\/<\/a>) e, se poss\u00edvel, contactando-o diretamente por telefone no caso de recolhas de alta prioridade. A notifica\u00e7\u00e3o indicar\u00e1 claramente os detalhes do produto, incluindo o n\u00famero do modelo, o n\u00famero do lote (se aplic\u00e1vel) e uma descri\u00e7\u00e3o do problema.<\/li>\n\n<li><strong>Instru\u00e7\u00f5es de devolu\u00e7\u00e3o<\/strong><br>Forneceremos instru\u00e7\u00f5es pormenorizadas sobre a forma de devolver os produtos recolhidos. Ser-lhe-\u00e1 pedido que embale os produtos de forma segura para evitar quaisquer danos adicionais durante o transporte. Inclua qualquer documenta\u00e7\u00e3o relevante, como facturas de compra ou n\u00fameros de encomenda, se dispon\u00edveis. O endere\u00e7o de devolu\u00e7\u00e3o ser\u00e1 claramente especificado no aviso de recolha.<\/li>\n\n<li><strong>Acordos de expedi\u00e7\u00e3o<\/strong><br>Para a devolu\u00e7\u00e3o de produtos recolhidos, cobriremos os custos de envio. Dependendo do volume e da natureza da recolha, podemos fornecer etiquetas de envio pr\u00e9-pagas ou organizar servi\u00e7os de recolha. A nossa equipa de apoio ao cliente estar\u00e1 dispon\u00edvel para o ajudar a coordenar o processo de envio da devolu\u00e7\u00e3o.<\/li><\/ol><h4 class=\"wp-block-heading\">Compensa\u00e7\u00e3o e apoio<\/h4><ol class=\"wp-block-list\"><li><strong>Reembolsos ou substitui\u00e7\u00f5es<\/strong><br>Ap\u00f3s a rece\u00e7\u00e3o e verifica\u00e7\u00e3o dos produtos recolhidos devolvidos, processaremos prontamente os reembolsos. Se o produto fizer parte de uma rela\u00e7\u00e3o comercial em curso, podemos tamb\u00e9m discutir acordos alternativos, tais como substitui\u00e7\u00f5es de produtos ou cr\u00e9ditos para compras futuras, com base na sua prefer\u00eancia e nas circunst\u00e2ncias espec\u00edficas da recolha.<\/li>\n\n<li><strong>Apoio ao cliente<\/strong><br>A nossa equipa de apoio ao cliente estar\u00e1 dispon\u00edvel durante todo o processo de recolha para responder a quaisquer quest\u00f5es ou preocupa\u00e7\u00f5es que possa ter. Compreendemos que uma recolha de produtos pode causar inconvenientes e estamos empenhados em minimizar o impacto nas suas opera\u00e7\u00f5es comerciais. Pode contactar-nos atrav\u00e9s de [n\u00famero de telefone do servi\u00e7o de apoio ao cliente] ou [endere\u00e7o de correio eletr\u00f3nico do servi\u00e7o de apoio ao cliente].<\/li><\/ol><h4 class=\"wp-block-heading\">Medidas preventivas<\/h4><p>Levamos as recolhas de produtos muito a s\u00e9rio e utilizamo-las como uma oportunidade para melhorar o nosso controlo de qualidade e os nossos processos de produ\u00e7\u00e3o. Ap\u00f3s uma recolha, efectuamos investiga\u00e7\u00f5es exaustivas para identificar a causa principal do problema. Em seguida, implementamos ac\u00e7\u00f5es corretivas para evitar a ocorr\u00eancia de problemas semelhantes no futuro. Estas ac\u00e7\u00f5es podem incluir altera\u00e7\u00f5es ao nosso abastecimento de mat\u00e9rias-primas, procedimentos da linha de produ\u00e7\u00e3o ou m\u00e9todos de teste de produtos melhorados.<\/p><p>Agradecemos a sua coopera\u00e7\u00e3o durante uma situa\u00e7\u00e3o de recolha de produtos e continuamos empenhados em fornecer-lhe produtos seguros e de elevada qualidade para as suas necessidades comerciais.<\/p>","protected":false},"excerpt":{"rendered":"<p>Introdu\u00e7\u00e3o Na Softstep, a seguran\u00e7a e a satisfa\u00e7\u00e3o dos nossos clientes s\u00e3o da maior import\u00e2ncia. No.<\/p>","protected":false},"author":1,"featured_media":0,"parent":0,"menu_order":0,"comment_status":"closed","ping_status":"closed","template":"","meta":{"footnotes":""},"class_list":["post-2036","page","type-page","status-publish","hentry","_wholesalex wsx-wholesalex-product"],"yoast_head":"<!-- This site is optimized with the Yoast SEO Premium plugin v23.7 (Yoast SEO v23.7) - https:\/\/yoast.com\/wordpress\/plugins\/seo\/ -->\n<title>Product Recall Information - princesskid.com<\/title>\n<meta name=\"robots\" content=\"index, follow, max-snippet:-1, max-image-preview:large, max-video-preview:-1\" \/>\n<link rel=\"canonical\" href=\"https:\/\/princesskid.com\/pt\/informacoes-sobre-a-recolha-de-produtos\/\" \/>\n<meta property=\"og:locale\" content=\"pt_PT\" \/>\n<meta property=\"og:type\" content=\"article\" \/>\n<meta property=\"og:title\" content=\"Product Recall Information\" \/>\n<meta property=\"og:description\" content=\"Introduction At Softstep, the safety and satisfaction of our customers are of utmost importance. In the.\" \/>\n<meta property=\"og:url\" content=\"https:\/\/princesskid.com\/pt\/informacoes-sobre-a-recolha-de-produtos\/\" \/>\n<meta property=\"og:site_name\" content=\"princesskid.com\" \/>\n<meta name=\"twitter:card\" content=\"summary_large_image\" \/>\n<meta name=\"twitter:label1\" content=\"Est. reading time\" \/>\n\t<meta name=\"twitter:data1\" content=\"3 minutos\" \/>\n<script type=\"application\/ld+json\" class=\"yoast-schema-graph\">{\"@context\":\"https:\/\/schema.org\",\"@graph\":[{\"@type\":\"WebPage\",\"@id\":\"https:\/\/princesskid.com\/product-recall-information\/\",\"url\":\"https:\/\/princesskid.com\/product-recall-information\/\",\"name\":\"Product Recall Information - princesskid.com\",\"isPartOf\":{\"@id\":\"https:\/\/princesskid.com\/#website\"},\"datePublished\":\"2024-11-09T17:21:42+00:00\",\"dateModified\":\"2024-11-09T17:21:42+00:00\",\"breadcrumb\":{\"@id\":\"https:\/\/princesskid.com\/product-recall-information\/#breadcrumb\"},\"inLanguage\":\"pt-PT\",\"potentialAction\":[{\"@type\":\"ReadAction\",\"target\":[\"https:\/\/princesskid.com\/product-recall-information\/\"]}]},{\"@type\":\"BreadcrumbList\",\"@id\":\"https:\/\/princesskid.com\/product-recall-information\/#breadcrumb\",\"itemListElement\":[{\"@type\":\"ListItem\",\"position\":1,\"name\":\"Home\",\"item\":\"https:\/\/princesskid.com\/\"},{\"@type\":\"ListItem\",\"position\":2,\"name\":\"Product Recall Information\"}]},{\"@type\":\"WebSite\",\"@id\":\"https:\/\/princesskid.com\/#website\",\"url\":\"https:\/\/princesskid.com\/\",\"name\":\"Softstepshoes\",\"description\":\"\",\"publisher\":{\"@id\":\"https:\/\/princesskid.com\/#organization\"},\"potentialAction\":[{\"@type\":\"SearchAction\",\"target\":{\"@type\":\"EntryPoint\",\"urlTemplate\":\"https:\/\/princesskid.com\/?s={search_term_string}\"},\"query-input\":{\"@type\":\"PropertyValueSpecification\",\"valueRequired\":true,\"valueName\":\"search_term_string\"}}],\"inLanguage\":\"pt-PT\"},{\"@type\":\"Organization\",\"@id\":\"https:\/\/princesskid.com\/#organization\",\"name\":\"Softstepshoes\",\"url\":\"https:\/\/princesskid.com\/\",\"logo\":{\"@type\":\"ImageObject\",\"inLanguage\":\"pt-PT\",\"@id\":\"https:\/\/princesskid.com\/#\/schema\/logo\/image\/\",\"url\":\"https:\/\/princesskid.com\/wp-content\/uploads\/2024\/11\/logo.png\",\"contentUrl\":\"https:\/\/princesskid.com\/wp-content\/uploads\/2024\/11\/logo.png\",\"width\":350,\"height\":108,\"caption\":\"Softstepshoes\"},\"image\":{\"@id\":\"https:\/\/princesskid.com\/#\/schema\/logo\/image\/\"}}]}<\/script>\n<!-- \/ Yoast SEO Premium plugin. -->","yoast_head_json":{"title":"Product Recall Information - princesskid.com","robots":{"index":"index","follow":"follow","max-snippet":"max-snippet:-1","max-image-preview":"max-image-preview:large","max-video-preview":"max-video-preview:-1"},"canonical":"https:\/\/princesskid.com\/pt\/informacoes-sobre-a-recolha-de-produtos\/","og_locale":"pt_PT","og_type":"article","og_title":"Product Recall Information","og_description":"Introduction At Softstep, the safety and satisfaction of our customers are of utmost importance. In the.","og_url":"https:\/\/princesskid.com\/pt\/informacoes-sobre-a-recolha-de-produtos\/","og_site_name":"princesskid.com","twitter_card":"summary_large_image","twitter_misc":{"Est. reading time":"3 minutos"},"schema":{"@context":"https:\/\/schema.org","@graph":[{"@type":"WebPage","@id":"https:\/\/princesskid.com\/product-recall-information\/","url":"https:\/\/princesskid.com\/product-recall-information\/","name":"Product Recall Information - princesskid.com","isPartOf":{"@id":"https:\/\/princesskid.com\/#website"},"datePublished":"2024-11-09T17:21:42+00:00","dateModified":"2024-11-09T17:21:42+00:00","breadcrumb":{"@id":"https:\/\/princesskid.com\/product-recall-information\/#breadcrumb"},"inLanguage":"pt-PT","potentialAction":[{"@type":"ReadAction","target":["https:\/\/princesskid.com\/product-recall-information\/"]}]},{"@type":"BreadcrumbList","@id":"https:\/\/princesskid.com\/product-recall-information\/#breadcrumb","itemListElement":[{"@type":"ListItem","position":1,"name":"Home","item":"https:\/\/princesskid.com\/"},{"@type":"ListItem","position":2,"name":"Product Recall Information"}]},{"@type":"WebSite","@id":"https:\/\/princesskid.com\/#website","url":"https:\/\/princesskid.com\/","name":"Softstepshoes","description":"","publisher":{"@id":"https:\/\/princesskid.com\/#organization"},"potentialAction":[{"@type":"SearchAction","target":{"@type":"EntryPoint","urlTemplate":"https:\/\/princesskid.com\/?s={search_term_string}"},"query-input":{"@type":"PropertyValueSpecification","valueRequired":true,"valueName":"search_term_string"}}],"inLanguage":"pt-PT"},{"@type":"Organization","@id":"https:\/\/princesskid.com\/#organization","name":"Softstepshoes","url":"https:\/\/princesskid.com\/","logo":{"@type":"ImageObject","inLanguage":"pt-PT","@id":"https:\/\/princesskid.com\/#\/schema\/logo\/image\/","url":"https:\/\/princesskid.com\/wp-content\/uploads\/2024\/11\/logo.png","contentUrl":"https:\/\/princesskid.com\/wp-content\/uploads\/2024\/11\/logo.png","width":350,"height":108,"caption":"Softstepshoes"},"image":{"@id":"https:\/\/princesskid.com\/#\/schema\/logo\/image\/"}}]}},"_links":{"self":[{"href":"https:\/\/princesskid.com\/pt\/wp-json\/wp\/v2\/pages\/2036","targetHints":{"allow":["GET"]}}],"collection":[{"href":"https:\/\/princesskid.com\/pt\/wp-json\/wp\/v2\/pages"}],"about":[{"href":"https:\/\/princesskid.com\/pt\/wp-json\/wp\/v2\/types\/page"}],"author":[{"embeddable":true,"href":"https:\/\/princesskid.com\/pt\/wp-json\/wp\/v2\/users\/1"}],"replies":[{"embeddable":true,"href":"https:\/\/princesskid.com\/pt\/wp-json\/wp\/v2\/comments?post=2036"}],"version-history":[{"count":1,"href":"https:\/\/princesskid.com\/pt\/wp-json\/wp\/v2\/pages\/2036\/revisions"}],"predecessor-version":[{"id":2037,"href":"https:\/\/princesskid.com\/pt\/wp-json\/wp\/v2\/pages\/2036\/revisions\/2037"}],"wp:attachment":[{"href":"https:\/\/princesskid.com\/pt\/wp-json\/wp\/v2\/media?parent=2036"}],"curies":[{"name":"wp","href":"https:\/\/api.w.org\/{rel}","templated":true}]}}